{"id":115,"date":"2017-04-03T14:22:06","date_gmt":"2017-04-03T14:22:06","guid":{"rendered":"http:\/\/www.rheintalerbachchor.com\/?page_id=115"},"modified":"2026-04-21T20:21:34","modified_gmt":"2026-04-21T20:21:34","slug":"news","status":"publish","type":"page","link":"https:\/\/www.rheintalerbachchor.com\/?page_id=115","title":{"rendered":"News -Termine"},"content":{"rendered":"<p><span style=\"color: #993366; font-family: arial, helvetica, sans-serif;\"><strong>Zur 10. Jahreshauptversammlung l\u00e4dt der Vorstand am Freitag, 24. April 2026, 19:00 Uhr alle Vereinsmitglieder (stimmberechtigt) und alle Projektsingenden und Interessierten (mit beratender Stimme) herzlich in den Kulturraum Kirche Jung Rhy in Altst\u00e4tten ein.<\/strong>&nbsp;<\/span><span style=\"color: #993366; font-family: arial, helvetica, sans-serif;\"><strong>Und im Anschluss an die Hauptversammlung sind alle Mitwirkenden und Helfenden der Matth\u00e4us-Passions Konzerte ganz herzlich zur AFTERPARTY des Projektes ab 20:00 Uhr am selben Ort eingeladen.<\/strong><br \/>\nVersprochen ist ein schwelgender R\u00fcckblick auf das grosse Erlebnis und ein erster kleiner aber feiner Einblick in das Ergebnis der Videoaufnahmen und&nbsp; insbesondere auch eine verlockende Vorschau auf die kommende grossartige Musik mit Dvoraks Stabat Mater. F\u00fcr Gaumenfreude und Getr\u00e4nke wird gesorgt sein.&nbsp;<\/span><\/p>\n<p><span style=\"color: #333399;\"><strong>Die 9. Jahreshauptversammlung des Rheintaler Bach-Chores hat am 27. Juni 2025 im Hotel Sonne Altst\u00e4tten stattgefunden.<br \/>\n<\/strong><span style=\"font-size: 10pt;\">Nebst den statutarischen Gesch\u00e4ften standen die alle drei Jahre vorgesehenen Erneuerungswahlen des Vorstandes an. Leider musste der verdiente Verbindungsmann zum Vorarlberg, Dr. Franz H\u00e4mmerle, seinen R\u00fccktritt erkl\u00e4ren.&nbsp; Mit herzlichem Applaus und einem Pr\u00e4sent wurde seine Vereinsarbeit verdankt, tr\u00f6stlich, dass er dem Chor als S\u00e4nger erhalten bleiben kann. Mit grosser Freude durfte die Versammlung mit Lilli L\u00f6bl, Gesch\u00e4ftsf\u00fchrerin beim Chorverband Vorarlberg, eine wunderbare Nachfolgerin w\u00e4hlen. Und in der Absicht, dem Vorstand und vorallem dem Pr\u00e4sidium zus\u00e4tzliche Unterst\u00fctzung zu bieten, durften die Vereinsmitglieder den Goldacher Lars Inderwildi, Mitglied der Gesch\u00e4ftleitung bei LGT Capital Partners (FL) in Vaduz zus\u00e4tzlich neu in den Vorstand berufen.&nbsp;<\/span><\/span><\/p>\n<p><a href=\"http:\/\/www.rheintalerbachchor.com\/wp-content\/uploads\/2025\/08\/P7050469-scaled.jpg\"><img loading=\"lazy\" decoding=\"async\" class=\"size-large wp-image-3909\" src=\"http:\/\/www.rheintalerbachchor.com\/wp-content\/uploads\/2025\/08\/P7050469-1024x770.jpg\" alt=\"\" width=\"525\" height=\"395\" srcset=\"https:\/\/www.rheintalerbachchor.com\/wp-content\/uploads\/2025\/08\/P7050469-1024x770.jpg 1024w, https:\/\/www.rheintalerbachchor.com\/wp-content\/uploads\/2025\/08\/P7050469-300x226.jpg 300w, https:\/\/www.rheintalerbachchor.com\/wp-content\/uploads\/2025\/08\/P7050469-768x577.jpg 768w, https:\/\/www.rheintalerbachchor.com\/wp-content\/uploads\/2025\/08\/P7050469-1536x1155.jpg 1536w, https:\/\/www.rheintalerbachchor.com\/wp-content\/uploads\/2025\/08\/P7050469-2048x1540.jpg 2048w\" sizes=\"auto, (max-width: 525px) 100vw, 525px\" \/><\/a><\/p>\n<p><strong><span style=\"color: #993366;\">PROBENSTART ZUR MATTH\u00c4US-PASSION AM 25. JANUAR 2025<\/span><\/strong><\/p>\n<p><a href=\"http:\/\/www.rheintalerbachchor.com\/wp-content\/uploads\/2025\/06\/IMG_20250125_100750-kop-scaled.jpg\"><img loading=\"lazy\" decoding=\"async\" class=\"alignnone size-large wp-image-3850\" src=\"http:\/\/www.rheintalerbachchor.com\/wp-content\/uploads\/2025\/06\/IMG_20250125_100750-kop-1024x545.jpg\" alt=\"\" width=\"525\" height=\"279\" srcset=\"https:\/\/www.rheintalerbachchor.com\/wp-content\/uploads\/2025\/06\/IMG_20250125_100750-kop-1024x545.jpg 1024w, https:\/\/www.rheintalerbachchor.com\/wp-content\/uploads\/2025\/06\/IMG_20250125_100750-kop-300x160.jpg 300w, https:\/\/www.rheintalerbachchor.com\/wp-content\/uploads\/2025\/06\/IMG_20250125_100750-kop-768x409.jpg 768w, https:\/\/www.rheintalerbachchor.com\/wp-content\/uploads\/2025\/06\/IMG_20250125_100750-kop-1536x817.jpg 1536w, https:\/\/www.rheintalerbachchor.com\/wp-content\/uploads\/2025\/06\/IMG_20250125_100750-kop-2048x1090.jpg 2048w\" sizes=\"auto, (max-width: 525px) 100vw, 525px\" \/><\/a><\/p>\n<p>90 engagierte S\u00e4ngerinnen und S\u00e4nger der Chorszene Rheintal &#8211; Bodensee (Ostschweiz, Liechtenstein, Vorarlberg, Bayern, Baden W\u00fcrttemberg) haben sich mit den Chor\u00e4len der Matth\u00e4us-Passion eingestimmt auf den sehnlichst erwarteten Probenprozess zu einem der gr\u00f6ssten Werke der Chormusik. Nun erwarten uns spannende, intensive Proben, Einprobe mit Sorgfalt und gen\u00fcgend Zeit!&nbsp;<\/p>\n<p>Details zum Projekt siehe<span style=\"font-size: 1rem;\">&nbsp;unter <\/span><a style=\"font-size: 1rem;\" href=\"https:\/\/www.rheintalerbachchor.com\/?page_id=117\" target=\"_blank\" rel=\"noopener\">Projekte<\/a><span style=\"font-size: 1rem;\">.<\/span><\/p>\n<p>&nbsp;<\/p>\n<hr>\n<p><span style=\"font-size: 12pt;\"><strong><a href=\"http:\/\/www.rheintalerbachchor.com\/wp-content\/uploads\/2023\/10\/EAR3PY-1.jpeg\"><img loading=\"lazy\" decoding=\"async\" class=\"alignnone wp-image-2717 size-thumbnail\" src=\"http:\/\/www.rheintalerbachchor.com\/wp-content\/uploads\/2023\/10\/EAR3PY-1-150x150.jpeg\" alt=\"\" width=\"150\" height=\"150\" srcset=\"https:\/\/www.rheintalerbachchor.com\/wp-content\/uploads\/2023\/10\/EAR3PY-1-150x150.jpeg 150w, https:\/\/www.rheintalerbachchor.com\/wp-content\/uploads\/2023\/10\/EAR3PY-1-100x100.jpeg 100w\" sizes=\"auto, (max-width: 150px) 100vw, 150px\" \/><\/a><\/strong><\/span><\/p>\n<p dir=\"auto\"><span style=\"font-size: 12pt;\"><strong><span style=\"color: #800000; font-size: 14pt;\"><span style=\"font-size: 18pt;\">Josef G. Rheinberger &#8211;<\/span><br \/>\nDes Meisters Vita im Spiegel seiner Musik<br \/>\n<\/span><\/strong><\/span><span style=\"font-size: 12pt;\"><strong>Mitwirkende: &nbsp;<br \/>\n<\/strong>Rheintaler Bach-Chor, Leitung <strong>Alexander Seidel <\/strong><a href=\"https:\/\/www.alexanderseidel.net\/\" target=\"_blank\" rel=\"noopener\">(Web)<\/a><\/span><br \/>\n<span style=\"font-size: 12pt;\">Orgel: <strong>Stina Strehar <\/strong>(<a href=\"http:\/\/www.rheintalerbachchor.com\/wp-content\/uploads\/2023\/11\/Vita-Stina-Strehar.pdf\" target=\"_blank\" rel=\"noopener\">Vita<\/a> \/&nbsp;<a href=\"https:\/\/www.musikschule.li\/news\/stina_strehar\" target=\"_blank\" rel=\"noopener\">Portrait<\/a><\/span><\/p>\n<p>&nbsp;<\/p>\n<hr>\n<p><span style=\"font-size: 14pt;\"><strong style=\"font-size: 14pt;\"><span style=\"font-size: 12pt;\">Besetzungs\u00e4nderung f\u00fcr die Konzerte Orgelmesse 26.08.2023<br \/>\n<\/span><\/strong><strong>Neuer Organist Umberto Kostani\u0107<br \/>\n<\/strong><\/span><\/p>\n<p><a href=\"http:\/\/www.rheintalerbachchor.com\/wp-content\/uploads\/2023\/08\/Umberto_Kostanic_04.jpg\"><img loading=\"lazy\" decoding=\"async\" class=\"alignnone wp-image-2670 size-medium\" src=\"http:\/\/www.rheintalerbachchor.com\/wp-content\/uploads\/2023\/08\/Umberto_Kostanic_04-300x279.jpg\" alt=\"\" width=\"300\" height=\"279\" srcset=\"https:\/\/www.rheintalerbachchor.com\/wp-content\/uploads\/2023\/08\/Umberto_Kostanic_04-300x279.jpg 300w, https:\/\/www.rheintalerbachchor.com\/wp-content\/uploads\/2023\/08\/Umberto_Kostanic_04-768x715.jpg 768w, https:\/\/www.rheintalerbachchor.com\/wp-content\/uploads\/2023\/08\/Umberto_Kostanic_04-1024x954.jpg 1024w, https:\/\/www.rheintalerbachchor.com\/wp-content\/uploads\/2023\/08\/Umberto_Kostanic_04.jpg 1424w\" sizes=\"auto, (max-width: 300px) 100vw, 300px\" \/><\/a><\/p>\n<p>Sebastian Bausch musste sich schweren Herzens aus gesundheitlichen Gr\u00fcnden vom Projekt der Orgelmesse zur\u00fcckziehen, es gelang ihm aber, uns einen wunderbaren Kollegen zu vermitteln. Umberto Kostanic ist ein erfahrener Organist, Cembalist und Chorleiter und hat mit der Orgelmesse vor einem Monat sein Abschlusskonzert im Rahmen des Masterstudiums &#8222;Historische Auff\u00fchrungspraxis an der Orgel&#8220; gespielt und er konnte sich f\u00fcr alle Termine unserer drei Konzerte freimachen und das ist doch eine himmlische F\u00fcgung, f\u00fcr welche wir sehr dankbar sind!<\/p>\n<p><a href=\"http:\/\/www.rheintalerbachchor.com\/wp-content\/uploads\/2023\/08\/Umberto-Kostani\u0107-BIO.pdf\" target=\"_blank\" rel=\"noopener noreferrer\">Bio Umberto Kostani<span style=\"font-size: 12pt;\">\u0107<\/span><\/a><\/p>\n<p><span style=\"font-size: 10pt;\">*********************************<\/span><strong style=\"font-size: 14pt;\"><br \/>\n<\/strong><strong style=\"font-size: 14pt;\">Feldkirch &#8211; Wien &#8211; Heiden, der RBC ist bereit! <span style=\"font-size: 10pt;\">19.08.2023<\/span>&nbsp;<\/strong><\/p>\n<p><a href=\"http:\/\/www.rheintalerbachchor.com\/wp-content\/uploads\/2023\/08\/P1097077a.jpg\"><img loading=\"lazy\" decoding=\"async\" class=\"alignnone wp-image-2644 size-full\" src=\"http:\/\/www.rheintalerbachchor.com\/wp-content\/uploads\/2023\/08\/P1097077a.jpg\" alt=\"\" width=\"2738\" height=\"1825\" srcset=\"https:\/\/www.rheintalerbachchor.com\/wp-content\/uploads\/2023\/08\/P1097077a.jpg 2738w, https:\/\/www.rheintalerbachchor.com\/wp-content\/uploads\/2023\/08\/P1097077a-300x200.jpg 300w, https:\/\/www.rheintalerbachchor.com\/wp-content\/uploads\/2023\/08\/P1097077a-768x512.jpg 768w, https:\/\/www.rheintalerbachchor.com\/wp-content\/uploads\/2023\/08\/P1097077a-1024x683.jpg 1024w\" sizes=\"auto, (max-width: 767px) 89vw, (max-width: 1000px) 54vw, (max-width: 1071px) 543px, 580px\" \/><\/a><span style=\"font-size: 12pt;\">Rheintaler Bach-Chor, Projekt 2023, Foto Hansueli Steiger<\/span><\/p>\n<div dir=\"auto\">\n<h1 dir=\"auto\"><span style=\"font-size: 10pt;\">*********************************<\/span><\/h1>\n<p><strong style=\"font-size: 14pt;\">Der Rheintaler Bach-Chor ist gut unterwegs&nbsp; <\/strong><strong><span style=\"font-size: 10pt;\">13.05.2023<\/span><\/strong><\/p>\n<\/div>\n<div dir=\"auto\"><a href=\"http:\/\/www.rheintalerbachchor.com\/wp-content\/uploads\/2023\/08\/HV-f\u00fcr-Homepage.jpg\"><img loading=\"lazy\" decoding=\"async\" class=\"alignnone size-full wp-image-2662\" src=\"http:\/\/www.rheintalerbachchor.com\/wp-content\/uploads\/2023\/08\/HV-f\u00fcr-Homepage.jpg\" alt=\"\" width=\"677\" height=\"542\" srcset=\"https:\/\/www.rheintalerbachchor.com\/wp-content\/uploads\/2023\/08\/HV-f\u00fcr-Homepage.jpg 677w, https:\/\/www.rheintalerbachchor.com\/wp-content\/uploads\/2023\/08\/HV-f\u00fcr-Homepage-300x240.jpg 300w\" sizes=\"auto, (max-width: 677px) 100vw, 677px\" \/><\/a><\/div>\n<div dir=\"auto\"><span style=\"color: #ff0000;\"><a style=\"color: #ff0000;\" href=\"http:\/\/www.rheintalerbachchor.com\/wp-content\/uploads\/2023\/08\/Zeitungsbericht-7.-HV.-2023.pdf\" target=\"_blank\" rel=\"noopener noreferrer\"><strong>mehr<\/strong><\/a><\/span><\/div>\n<div dir=\"auto\">&nbsp;<\/div>\n<div dir=\"auto\"><span style=\"font-size: 14pt;\"><span style=\"font-size: 10pt;\">*********************************<\/span><strong><br \/>\nNach dem Konzert ist vor dem Konzert&#8230; <span style=\"font-size: 10pt;\">1. Okt. 2022<\/span><\/strong><\/span><\/div>\n<div dir=\"auto\">doch nach den beiden sehr erfolgreichen Konzerten in Schaan (FL) und Altst\u00e4tten g\u00f6nnte sich der Rheintaler Bach-Chor bis Ende des Jahres 2022 verdiente Ruhe. Wir liessen H\u00e4ndels Musik noch nachschwingen in Vorfreude auf die kommenden Projekte. 2023 und 2024 werden wir ohne Orchester fast nur mit unseren Stimmen unterwegs sein. Unser Dirigent wird diese Projekte nutzen, weiter am Klang und Ausdruck des Chores zu arbeiten und unseren Stimmen den besonderen Glanz zu erhalten und \/oder immer wieder neu zu verleihen :-)).<\/div>\n<div dir=\"auto\">&nbsp;<\/div>\n<div dir=\"auto\">\n<p><strong>Projekt 2023<br \/>\n<\/strong><span style=\"font-size: 1rem;\">(Bach, ohne Orchester, drei Auff\u00fchrungen )<br \/>\n<\/span><strong>Johann Sebastian Bach \u2013 Orgelmesse (<\/strong>nach dem III. Teil der Clavieruebung<strong>)<br \/>\n<\/strong><strong>Mitwirkende: &nbsp;<br \/>\n<\/strong><strong>Rheintaler Bach-Chor<\/strong> (10 Chor\u00e4le zur Orgelmesse)<br \/>\n<strong>Sebastian Bausch<\/strong>, Orgel<br \/>\n<strong>Alexander Seidel <\/strong>Cembalo und Leitung<br \/>\nDauer ca. 70min ohne Pause<\/p>\n<\/div>\n<div dir=\"auto\">\n<p><strong>Projekt 2024<\/strong> <strong><br \/>\n<\/strong><strong>Josef G. Rheinberger, des Meisters Vita in T\u00f6nen<br \/>\n<\/strong>Aus f\u00fcnf Motetten op. 40, Nr. I, II und V, acappella \/ Stabat Mater op. 138 \/ Messe in E Dur op. 192 \u00abMisericordias Domini\u00bb und Drei geistl. Ges\u00e4nge op. 69 (Morgenlied, Hymne, Abendlied) und Orgelbeitr\u00e4ge op. 88 und op. 196<br \/>\n<strong>Mitwirkende: &nbsp;<br \/>\n<\/strong>Rheintaler Bach-Chor unter der Leitung Alexander Seidel<br \/>\nOrgel N.N.<br \/>\nProbenstart 13. Januar 2024, Auff\u00fchrungen 21.\/22. September 2024&nbsp;<\/p>\n<p><strong>Projekt 2025-2026<br \/>\n<\/strong><span style=\"font-size: 1rem;\">Probenstart 08.02. 2025, Auff\u00fchrung 28.02.26 und 01.03.26<br \/>\n<\/span><strong>Johann Sebastian Bach, Matth\u00e4us-Passion<\/strong><\/p>\n<\/div>\n<p><span style=\"font-size: 10pt;\">*********************************<\/span><\/p>\n<p><span style=\"color: #993366; font-size: 14pt; font-family: arial, helvetica, sans-serif;\">7. Mai 2022<br \/>\n<\/span><span style=\"color: #993366; font-size: 14pt; font-family: arial, helvetica, sans-serif;\">Fotoshooting f\u00fcr H\u00e4ndel &#8211; nicht nur unser Gesang ist sch\u00f6n :-))<\/span><\/p>\n<p><strong><a href=\"http:\/\/www.rheintalerbachchor.com\/wp-content\/uploads\/2022\/05\/1.jpg\"><img loading=\"lazy\" decoding=\"async\" class=\"alignnone wp-image-1711 size-full\" src=\"http:\/\/www.rheintalerbachchor.com\/wp-content\/uploads\/2022\/05\/1.jpg\" alt=\"\" width=\"6714\" height=\"3357\" srcset=\"https:\/\/www.rheintalerbachchor.com\/wp-content\/uploads\/2022\/05\/1.jpg 6714w, https:\/\/www.rheintalerbachchor.com\/wp-content\/uploads\/2022\/05\/1-300x150.jpg 300w, https:\/\/www.rheintalerbachchor.com\/wp-content\/uploads\/2022\/05\/1-768x384.jpg 768w, https:\/\/www.rheintalerbachchor.com\/wp-content\/uploads\/2022\/05\/1-1024x512.jpg 1024w\" sizes=\"auto, (max-width: 767px) 89vw, (max-width: 1000px) 54vw, (max-width: 1071px) 543px, 580px\" \/><\/a> <a href=\"http:\/\/www.rheintalerbachchor.com\/wp-content\/uploads\/2022\/05\/2.jpg\"><img loading=\"lazy\" decoding=\"async\" class=\"alignnone wp-image-1712 size-full\" src=\"http:\/\/www.rheintalerbachchor.com\/wp-content\/uploads\/2022\/05\/2.jpg\" alt=\"\" width=\"6530\" height=\"3265\" srcset=\"https:\/\/www.rheintalerbachchor.com\/wp-content\/uploads\/2022\/05\/2.jpg 6530w, https:\/\/www.rheintalerbachchor.com\/wp-content\/uploads\/2022\/05\/2-300x150.jpg 300w, https:\/\/www.rheintalerbachchor.com\/wp-content\/uploads\/2022\/05\/2-768x384.jpg 768w, https:\/\/www.rheintalerbachchor.com\/wp-content\/uploads\/2022\/05\/2-1024x512.jpg 1024w\" sizes=\"auto, (max-width: 767px) 89vw, (max-width: 1000px) 54vw, (max-width: 1071px) 543px, 580px\" \/><\/a><\/strong><\/p>\n<p><a href=\"http:\/\/www.rheintalerbachchor.com\/wp-content\/uploads\/2022\/05\/5.jpg\"><img loading=\"lazy\" decoding=\"async\" class=\"alignnone wp-image-1714 size-full\" src=\"http:\/\/www.rheintalerbachchor.com\/wp-content\/uploads\/2022\/05\/5.jpg\" alt=\"\" width=\"6352\" height=\"3176\" srcset=\"https:\/\/www.rheintalerbachchor.com\/wp-content\/uploads\/2022\/05\/5.jpg 6352w, https:\/\/www.rheintalerbachchor.com\/wp-content\/uploads\/2022\/05\/5-300x150.jpg 300w, https:\/\/www.rheintalerbachchor.com\/wp-content\/uploads\/2022\/05\/5-768x384.jpg 768w, https:\/\/www.rheintalerbachchor.com\/wp-content\/uploads\/2022\/05\/5-1024x512.jpg 1024w\" sizes=\"auto, (max-width: 767px) 89vw, (max-width: 1000px) 54vw, (max-width: 1071px) 543px, 580px\" \/><\/a><\/p>\n<p><span style=\"font-size: 10pt;\">*********************************<\/span><strong><br \/>\nProbenarbeit in der Aula des Schulhauses Wiesental,<\/strong>&nbsp;&nbsp;<span style=\"font-size: 10pt;\">12.03.2022<\/span><\/p>\n<p><a href=\"http:\/\/www.rheintalerbachchor.com\/wp-content\/uploads\/2022\/05\/IMG_20220312_105140.jpg\"><img loading=\"lazy\" decoding=\"async\" class=\"alignnone wp-image-1726 size-full\" src=\"http:\/\/www.rheintalerbachchor.com\/wp-content\/uploads\/2022\/05\/IMG_20220312_105140.jpg\" alt=\"\" width=\"3648\" height=\"2736\" srcset=\"https:\/\/www.rheintalerbachchor.com\/wp-content\/uploads\/2022\/05\/IMG_20220312_105140.jpg 3648w, https:\/\/www.rheintalerbachchor.com\/wp-content\/uploads\/2022\/05\/IMG_20220312_105140-300x225.jpg 300w, https:\/\/www.rheintalerbachchor.com\/wp-content\/uploads\/2022\/05\/IMG_20220312_105140-768x576.jpg 768w, https:\/\/www.rheintalerbachchor.com\/wp-content\/uploads\/2022\/05\/IMG_20220312_105140-1024x768.jpg 1024w\" sizes=\"auto, (max-width: 767px) 89vw, (max-width: 1000px) 54vw, (max-width: 1071px) 543px, 580px\" \/><\/a><\/p>\n<p><span style=\"font-size: 10pt;\">*********************************<\/span><strong><br \/>\nProbenarbeit in der Kulturkirche Jung Rhy, Altst\u00e4tten&nbsp; <\/strong><span style=\"font-size: 10pt;\">09.10.2021<\/span><\/p>\n<p><a href=\"http:\/\/www.rheintalerbachchor.com\/wp-content\/uploads\/2022\/05\/IMG_20211009_101610.jpg\"><img loading=\"lazy\" decoding=\"async\" class=\"alignnone wp-image-1725 size-full\" src=\"http:\/\/www.rheintalerbachchor.com\/wp-content\/uploads\/2022\/05\/IMG_20211009_101610.jpg\" alt=\"\" width=\"2368\" height=\"4864\" srcset=\"https:\/\/www.rheintalerbachchor.com\/wp-content\/uploads\/2022\/05\/IMG_20211009_101610.jpg 2368w, https:\/\/www.rheintalerbachchor.com\/wp-content\/uploads\/2022\/05\/IMG_20211009_101610-146x300.jpg 146w, https:\/\/www.rheintalerbachchor.com\/wp-content\/uploads\/2022\/05\/IMG_20211009_101610-768x1578.jpg 768w, https:\/\/www.rheintalerbachchor.com\/wp-content\/uploads\/2022\/05\/IMG_20211009_101610-499x1024.jpg 499w\" sizes=\"auto, (max-width: 767px) 89vw, (max-width: 1000px) 54vw, (max-width: 1071px) 543px, 580px\" \/><\/a><\/p>\n<p><strong>Probenstart Samstag, 11. September 2021, 10:00 &#8211; 13:00<br \/>\n<\/strong>Altst\u00e4tten, Aula Schulhaus Wiesental<\/p>\n<p><a href=\"http:\/\/www.rheintalerbachchor.com\/wp-content\/uploads\/2021\/08\/WP_20190823_17_40_54_Rich.jpg\"><img loading=\"lazy\" decoding=\"async\" class=\"alignnone wp-image-1571 size-large\" src=\"http:\/\/www.rheintalerbachchor.com\/wp-content\/uploads\/2021\/08\/WP_20190823_17_40_54_Rich-1024x575.jpg\" alt=\"\" width=\"525\" height=\"295\" srcset=\"https:\/\/www.rheintalerbachchor.com\/wp-content\/uploads\/2021\/08\/WP_20190823_17_40_54_Rich-1024x575.jpg 1024w, https:\/\/www.rheintalerbachchor.com\/wp-content\/uploads\/2021\/08\/WP_20190823_17_40_54_Rich-300x169.jpg 300w, https:\/\/www.rheintalerbachchor.com\/wp-content\/uploads\/2021\/08\/WP_20190823_17_40_54_Rich-768x432.jpg 768w\" sizes=\"auto, (max-width: 525px) 100vw, 525px\" \/><\/a><\/p>\n<p>Kickoff zum neuen Projekt quasi &#8222;H\u00e4ndel hoch zwei&#8220;. Mit dem Dettinger Te Deum, komponiert als Dank f\u00fcr eine gewonnene Schlacht,&nbsp; k\u00f6nnen wir hoffentlich f\u00fcr ein Ende der l\u00e4hmend auf jede Kultur wirkenden Pandemie danken und mit der Ode for St. Cecilia&#8217;s Day wird der Nothelferin und Schutzpatronin der Kirchenmusik auch sehr passend die verdiente Ehre erwiesen. Dieses Werk ist eine Hymne an die gesungene Musik. Der Schluss heisst \u201eAnd Music shall untune the Sky\u201c (und Musik soll den Himmel aufhellen). Es gibt wohl kein sch\u00f6neres Schlusswort bei einem ersten grossen Chorkonzert nach langer Durststrecke und unter neuer Leitung im Jahr 2022.<\/p>\n<p><strong>Hauptversammlung, <span style=\"color: #ff0000;\">Freitag, 13. August 2021<\/span>, 19:00 Uhr<\/strong><br \/>\nAltst\u00e4tten, Rittersaal Hotel Sonne<\/p>\n<p>Aller guten Dinge sind drei! Die Hauptversammlung konnte im dritten Anlauf durchgef\u00fchrt werden. Dirigent Alexander Seidel stellte in sympathischer Manier sich und die gew\u00e4hlten Werke dem Chor vor, es durften zwei weitere Vorstandsmitglieder gew\u00e4hlt werden, ebenso ein neuer Revisor und zwei Projektsingende traten neu dem Verein als Mitglied bei. Der Verein z\u00e4hlt nun 50 Mitglieder und aktuell beteiligen sich 37 Projektsingende beim H\u00e4ndelprojekt.&nbsp;<\/p>\n<p><a href=\"http:\/\/www.rheintalerbachchor.com\/wp-content\/uploads\/2021\/08\/IMG_20210813_193152.jpg\"><img loading=\"lazy\" decoding=\"async\" class=\"alignnone wp-image-1567 size-full\" src=\"http:\/\/www.rheintalerbachchor.com\/wp-content\/uploads\/2021\/08\/IMG_20210813_193152.jpg\" alt=\"\" width=\"3580\" height=\"2441\" srcset=\"https:\/\/www.rheintalerbachchor.com\/wp-content\/uploads\/2021\/08\/IMG_20210813_193152.jpg 3580w, https:\/\/www.rheintalerbachchor.com\/wp-content\/uploads\/2021\/08\/IMG_20210813_193152-300x205.jpg 300w, https:\/\/www.rheintalerbachchor.com\/wp-content\/uploads\/2021\/08\/IMG_20210813_193152-768x524.jpg 768w, https:\/\/www.rheintalerbachchor.com\/wp-content\/uploads\/2021\/08\/IMG_20210813_193152-1024x698.jpg 1024w\" sizes=\"auto, (max-width: 767px) 89vw, (max-width: 1000px) 54vw, (max-width: 1071px) 543px, 580px\" \/><\/a><a href=\"http:\/\/www.rheintalerbachchor.com\/wp-content\/uploads\/2021\/08\/IMG_20210813_191848.jpg\"><img loading=\"lazy\" decoding=\"async\" class=\"alignnone wp-image-1566 size-full\" src=\"http:\/\/www.rheintalerbachchor.com\/wp-content\/uploads\/2021\/08\/IMG_20210813_191848.jpg\" alt=\"\" width=\"3634\" height=\"2237\" srcset=\"https:\/\/www.rheintalerbachchor.com\/wp-content\/uploads\/2021\/08\/IMG_20210813_191848.jpg 3634w, https:\/\/www.rheintalerbachchor.com\/wp-content\/uploads\/2021\/08\/IMG_20210813_191848-300x185.jpg 300w, https:\/\/www.rheintalerbachchor.com\/wp-content\/uploads\/2021\/08\/IMG_20210813_191848-768x473.jpg 768w, https:\/\/www.rheintalerbachchor.com\/wp-content\/uploads\/2021\/08\/IMG_20210813_191848-1024x630.jpg 1024w\" sizes=\"auto, (max-width: 767px) 89vw, (max-width: 1000px) 54vw, (max-width: 1071px) 543px, 580px\" \/><\/a><\/p>\n<p>&nbsp;<\/p>\n<p>&nbsp;<\/p>\n","protected":false},"excerpt":{"rendered":"<p>Zur 10. Jahreshauptversammlung l\u00e4dt der Vorstand am Freitag, 24. April 2026, 19:00 Uhr alle Vereinsmitglieder (stimmberechtigt) und alle Projektsingenden und Interessierten (mit beratender Stimme) herzlich in den Kulturraum Kirche Jung Rhy in Altst\u00e4tten ein.&nbsp;Und im Anschluss an die Hauptversammlung sind alle Mitwirkenden und Helfenden der Matth\u00e4us-Passions Konzerte ganz herzlich zur AFTERPARTY des Projektes ab 20:00 &hellip; <\/p>\n<p class=\"link-more\"><a href=\"https:\/\/www.rheintalerbachchor.com\/?page_id=115\" class=\"more-link\"><span class=\"screen-reader-text\">\u201eNews -Termine\u201c<\/span> weiterlesen<\/a><\/p>\n","protected":false},"author":1,"featured_media":0,"parent":0,"menu_order":0,"comment_status":"closed","ping_status":"closed","template":"","meta":{"ngg_post_thumbnail":0,"footnotes":""},"class_list":["post-115","page","type-page","status-publish","hentry"],"_links":{"self":[{"href":"https:\/\/www.rheintalerbachchor.com\/index.php?rest_route=\/wp\/v2\/pages\/115","targetHints":{"allow":["GET"]}}],"collection":[{"href":"https:\/\/www.rheintalerbachchor.com\/index.php?rest_route=\/wp\/v2\/pages"}],"about":[{"href":"https:\/\/www.rheintalerbachchor.com\/index.php?rest_route=\/wp\/v2\/types\/page"}],"author":[{"embeddable":true,"href":"https:\/\/www.rheintalerbachchor.com\/index.php?rest_route=\/wp\/v2\/users\/1"}],"replies":[{"embeddable":true,"href":"https:\/\/www.rheintalerbachchor.com\/index.php?rest_route=%2Fwp%2Fv2%2Fcomments&post=115"}],"version-history":[{"count":195,"href":"https:\/\/www.rheintalerbachchor.com\/index.php?rest_route=\/wp\/v2\/pages\/115\/revisions"}],"predecessor-version":[{"id":4089,"href":"https:\/\/www.rheintalerbachchor.com\/index.php?rest_route=\/wp\/v2\/pages\/115\/revisions\/4089"}],"wp:attachment":[{"href":"https:\/\/www.rheintalerbachchor.com\/index.php?rest_route=%2Fwp%2Fv2%2Fmedia&parent=115"}],"curies":[{"name":"wp","href":"https:\/\/api.w.org\/{rel}","templated":true}]}}