{"id":121,"date":"2017-04-03T14:23:30","date_gmt":"2017-04-03T14:23:30","guid":{"rendered":"http:\/\/www.rheintalerbachchor.com\/?page_id=121"},"modified":"2026-05-13T07:22:32","modified_gmt":"2026-05-13T07:22:32","slug":"archiv","status":"publish","type":"page","link":"https:\/\/www.rheintalerbachchor.com\/?page_id=121","title":{"rendered":"Presse"},"content":{"rendered":"<p><a href=\"http:\/\/www.rheintalerbachchor.com\/wp-content\/uploads\/2026\/05\/Rheintaler-12.05.2026-Bericht-HV.jpg\" target=\"_blank\" rel=\"noopener\">Rheintaler 12.05.2026, Bericht der 10. Hauptversammlung&nbsp;<\/a><\/p>\n<p><strong>RBC Projekt VII &#8211; Matth\u00e4us-Passion von J.S.Bach<br \/>\n<\/strong><a href=\"http:\/\/www.rheintalerbachchor.com\/wp-content\/uploads\/2026\/03\/PRESSE-1-RHEINTALER-MICHAEL-LOeBL.pdf\" target=\"_blank\" rel=\"noopener\">Rheintaler, 03. M\u00e4rz 2026, Michael L\u00f6bl<\/a><br \/>\n<a href=\"http:\/\/www.rheintalerbachchor.com\/wp-content\/uploads\/2026\/03\/PRESSE-2-RHEINTAL24-ARTHUR-OEHLER.pdf\" target=\"_blank\" rel=\"noopener\">Rheintal24, 03. M\u00e4rz 2026 Arthur Oehler<\/a><br \/>\n<a href=\"http:\/\/www.rheintalerbachchor.com\/wp-content\/uploads\/2026\/03\/PRESSE-5-KULTUR-ONLINE-MARTINA-PFEIFER-STEINER.pdf\" target=\"_blank\" rel=\"noopener\">Kultur Online, 03. M\u00e4rz 2026, Martina Pfeifer Steiner<\/a><br \/>\n<a href=\"http:\/\/www.rheintalerbachchor.com\/wp-content\/uploads\/2026\/03\/PRESSE-3-DIE-NEUE-VOL.AT-THOMAS-THURNHER.pdf\" target=\"_blank\" rel=\"noopener\">Die Neue &#8211; Vol.at, 02. M\u00e4rz 2026 Thomas Thurnher<\/a><br \/>\n<a href=\"http:\/\/www.rheintalerbachchor.com\/wp-content\/uploads\/2026\/03\/PRESSE-4-KRONENZEITUNG-ANNA-MIKA.pdf\" target=\"_blank\" rel=\"noopener\">Die Kronenzeitung, 02. M\u00e4rz 2026, Anna Mika<\/a><br \/>\n<a href=\"http:\/\/www.rheintalerbachchor.com\/wp-content\/uploads\/2026\/03\/PRESSE-6-VORARLBERGER-NACHRICHTEN-ULRIKE-LAeNGLE.pdf\" target=\"_blank\" rel=\"noopener\">VN Vorarlberger Nachrichten, 01. M\u00e4rz 2026, Ulrike L\u00e4ngle<\/a><br \/>\n<a href=\"http:\/\/www.rheintalerbachchor.com\/wp-content\/uploads\/2026\/03\/PRESSE-0-RHEINTALER-KONZERTVORSCHAU-MONIKA-VON-DER-LINDEN.pdf\" target=\"_blank\" rel=\"noopener\">Rheintaler, 14. Febr. 2026, Monika von der Linden<\/a><\/p>\n<p><strong>RBC Projekt VI- Josef Gabriel Rheinberger<br \/>\n<\/strong><a href=\"http:\/\/www.rheintalerbachchor.com\/wp-content\/uploads\/2024\/09\/PRESSE_page-0001.pdf\" target=\"_blank\" rel=\"noopener\">Liechtensteinischer Vaterland, 24. 09. 2024<\/a>, Miriam L\u00fcmbacher<\/p>\n<p><a href=\"http:\/\/www.rheintalerbachchor.com\/wp-content\/uploads\/2024\/05\/Rheintaler-Bericht-HV-print.png\" target=\"_blank\" rel=\"noopener\">Bericht der 8. Hauptversammlung, 24.05.2024<\/a><\/p>\n<p><strong>RBC Projekt V- Johann Sebastian Bach &#8211; Orgelmesse<\/strong><\/p>\n<p><a href=\"http:\/\/www.rheintalerbachchor.com\/wp-content\/uploads\/2023\/10\/Markus-Rohrer-Rheintaler-Konzert-evangelische-Kirche-Heiden.pdf\" target=\"_blank\" rel=\"noopener noreferrer\">Rheintaler, Rheintalische Volkszeitung 19.09.2023, Markus Rohrer<\/a><br \/>\nEint\u00f6nig? Nein, abwechslungsreich! Der Rheintaler Bach-Chor gastierte f\u00fcr ein eindr\u00fcckliches Bettagskonzert in der reformierten Kirche in Heiden<\/p>\n<p><a href=\"http:\/\/www.rheintalerbachchor.com\/wp-content\/uploads\/2023\/10\/Silvia-Thurner.pdf\" target=\"_blank\" rel=\"noopener noreferrer\">Zeitschrift f\u00fcr Kultur und Gesellschaft, 13.09.2023, Silvia Thurner<\/a><br \/>\nChor und Orgel mit Bach in inspirierendem Dialog.<br \/>\nDer Rheintaler Bachchor, Alexander Seidel und Umberto Kostani\u0107 setzten ein starkes Zeichen. Der Rheintaler Bach-Chor gastierte zum ersten Mal im Feldkircher Dom.&nbsp;<\/p>\n<p><a href=\"http:\/\/www.rheintalerbachchor.com\/wp-content\/uploads\/2023\/10\/Bach-und-die-tanzende-Orgel.pdf\" target=\"_blank\" rel=\"noopener noreferrer\">Vorarlberger Nachrichten, 11.09.2023, Fritz Jurmann<\/a><br \/>\nBach und die tanzende Orgel. Das Konzert im Feldkircher Dom war quasi ein meditativer Gottesdienst mit Johann Sebastian Bach. Alexander Seidel beeindruckt als Chorleiter und Organist.&nbsp;Umberto Kostani\u0107 begeistert als Einspringer an der Orgel.<\/p>\n<p><a href=\"http:\/\/www.rheintalerbachchor.com\/wp-content\/uploads\/2023\/10\/VN-Ank\u00fcndigung.pdf\" target=\"_blank\" rel=\"noopener noreferrer\">Vorarlberger Nachrichten, 05.09.2023, Konzertank\u00fcndigung, Fritz Jurmann<\/a><br \/>\nAls aktuelles Projekt stehen Bach-Chor\u00e4le und deren Bearbeitung f\u00fcr Orgel an, die in Johann Sebastian Bachs \u201eOrgelmesse nach dem Dritten Theil der Clavier \u00dcbung, Leipzig 1739\u201c in der sogenannten \u201eAlternatim-Praxis\u201c einander gegen\u00fcbergestellt werden.<\/p>\n<p><strong>RBC Projekt IV- Georg Friedrich H\u00e4ndel &#8211; Dettinger Te Deum, C\u00e4cilienode<\/strong><\/p>\n<p><a href=\"http:\/\/www.rheintalerbachchor.com\/wp-content\/uploads\/2022\/09\/Rheintaler-Volkzeitung.pdf\" target=\"_blank\" rel=\"noopener noreferrer\">Rheintaler, Rheintalische Volkszeitung, 20.09.2022<\/a><br \/>\n<span style=\"font-size: 10pt;\">Zwei Hymnen zum Lob und Dank: 110 Musikerinnen und Musiker <\/span><span style=\"font-size: 10pt;\">feierten in Altst\u00e4tten den eidgen\u00f6ssischen Bettag. <\/span><span style=\"font-size: 10pt;\">Mit Chorwerken von H\u00e4ndel feierte der Konzertzyklus Altst\u00e4tten den Eidgen\u00f6ssischen Dank-, Buss- und <\/span><span style=\"font-size: 10pt;\">Bettag.<\/span><\/p>\n<p><a href=\"http:\/\/www.rheintalerbachchor.com\/wp-content\/uploads\/2022\/09\/220919_FlVoBla_StellaMatutinaBachChor.pdf\" target=\"_blank\" rel=\"noopener noreferrer\">Volksblatt, 19.09.2022<\/a><br \/>\n<span style=\"font-size: 10pt;\">Barockes Treffen: Bachchor meets H\u00e4ndel. <\/span><br \/>\n<span style=\"font-size: 10pt;\">&#8230;die vielleicht schwere barocke Kost wurde sehr verdaulich dargereicht<\/span><\/p>\n<p><a href=\"http:\/\/www.rheintalerbachchor.com\/wp-content\/uploads\/2022\/12\/010_lvlv_03_2022-09-20-1.pdf\" target=\"_blank\" rel=\"noopener noreferrer\">Liechtensteiner Vaterland, 19.09.2022<\/a><br \/>\n<span style=\"font-size: 10pt;\">Heroldsglanz und Engelszungen: Der noch junge Rheintaler Bachchor machte am Samstag gleich bei seinem ersten Auftritt in Liechtenstein H\u00e4ndel zum Erlebnis.<\/span><\/p>\n<p><a href=\"https:\/\/rheintaler.ch\/artikel\/rheintaler-bach-chor-mit-einer-hymne-an-die-gesungene-musik\/86491\" target=\"_blank\" rel=\"noopener noreferrer\">Rheintaler, Konzertvorschau 17.09.2022<\/a><\/p>\n<p><a href=\"http:\/\/www.rheintalerbachchor.com\/wp-content\/uploads\/2022\/09\/RBC-im-Liecht.-Vaterland-14.09.22.pdf\" target=\"_blank\" rel=\"noopener noreferrer\">Liechtensteiner Vaterland, 14.09.2022<\/a><\/p>\n<p><a href=\"http:\/\/www.rheintalerbachchor.com\/wp-content\/uploads\/2022\/09\/ST-Alexander-Seidl-Kultur-Sept-2022.pdf\" target=\"_blank\" rel=\"noopener noreferrer\">Interview Silvia Thurner mit Alexander Seidl- Kultur Sept 2022 <\/a><\/p>\n<p><a href=\"http:\/\/www.rheintalerbachchor.com\/wp-content\/uploads\/2022\/12\/Rheintaler-und-Rheintalische-Volkszeitung-6.9.2022.pdf\" target=\"_blank\" rel=\"noopener noreferrer\">Interview Monika von der Linden mit Alexander Seidel, Rheintaler 6.9.22<\/a><\/p>\n<p><a href=\"http:\/\/www.rheintalerbachchor.com\/wp-content\/uploads\/2022\/12\/Zeitungsbericht-HV-des-Rheintaler-Bach-Chores.pdf\" target=\"_blank\" rel=\"noopener noreferrer\">RBC Hauptversammlung 2022<\/a><\/p>\n<p><strong>RBC Projekt III &#8211; 2020 &#8211; abgesagt<\/strong><\/p>\n<p><strong>RBC Projekt II &#8211; Geistliche Lieder zum Advent, sonntags 5nach5 &#8211; Rebstein<\/strong><\/p>\n<p><a href=\"https:\/\/rheintaler.ch\/artikel\/rheintaler-bach-chor-sang-mit-dem-publikum\/67754\" target=\"_blank\" rel=\"noopener noreferrer\">Berichterstattung Rheintaler 1. Advent 2019<\/a><\/p>\n<p><strong>RBC Projekt I &#8211; Toggenburger Passion von Peter Roth<\/strong><\/p>\n<p><a href=\"http:\/\/www.rheintalerbachchor.com\/wp-content\/uploads\/2018\/04\/Lindauer-Zeitung.pdf\" target=\"_blank\" rel=\"noopener noreferrer\">Lindauer Zeitung, 4.4.2018, &#8222;Tauchgang in eine neue Klangwelt&#8220;<\/a><\/p>\n<p><a href=\"http:\/\/www.rheintalerbachchor.com\/wp-content\/uploads\/2018\/04\/Zeitungsbericht-TOPA-Rheintaler-28.03.2018-e1522710137797.jpg\" target=\"_blank\" rel=\"noopener noreferrer\">Der Rheintaler, Rheintalische Volkszeitung, 28.03.2018, &#8222;Spontane Standing Ovations&#8220;<\/a><\/p>\n<p><a href=\"http:\/\/www.rheintalerbachchor.com\/wp-content\/uploads\/2018\/04\/Zeitungsbericht-TOPA-Vorarlberger-Nachrichten-27.03.2018.pdf\" target=\"_blank\" rel=\"noopener noreferrer\">VN Vorarlberger Nachrichten, 27. 03.2018, &#8222;Zu Herzen gehende Alpsteinjodelbarockpassion&#8220;<\/a><\/p>\n<p><a href=\"http:\/\/www.rheintalerbachchor.com\/wp-content\/uploads\/2018\/04\/Zeitungsbericht-TOPA-Appenzeller-Zeitung-27.032018.jpg\" target=\"_blank\" rel=\"noopener noreferrer\">Appenzeller Zeitung, 27. 03. 2018, &#8222;Tief bewegende Passionsmusik&#8220;<\/a><\/p>\n<p><a href=\"http:\/\/www.rheintalerbachchor.com\/wp-content\/uploads\/2018\/04\/Zeitungsbericht-TOPA-Probe-mit-Peter-Roth.jpg\" target=\"_blank\" rel=\"noopener noreferrer\">Der Rheintaler, Rheintalische Volkszeitung, 02.03.2018, &#8222;Roth beeindruckt Rheintaler Bach-Chor&#8220;<\/a><\/p>\n<p><a href=\"http:\/\/www.rheintalerbachchor.com\/wp-content\/uploads\/2016\/12\/Zeitungsbericht-Musikalischer-Projektstart-nach-Mass.pdf\" target=\"_blank\" rel=\"noopener noreferrer\">Rheintaler, Musikalischer Start nach Mass, 28.10.2017<\/a><\/p>\n<p><a href=\"https:\/\/rheintaler.ch\/artikel\/erste-hauptversammlung-des-rheintaler-bach-chors\/39833\" target=\"_blank\" rel=\"noopener noreferrer\">Rheintaler, Erste Hauptversammlung des RBC, 10.05.2017<\/a><\/p>\n<p><a href=\"http:\/\/www.rheintalerbachchor.com\/wp-content\/uploads\/2016\/12\/Rheintaler-Start-mit-der-Toggenburger-Passion-23.09.2016.pdf\" target=\"_blank\" rel=\"noopener noreferrer\">Rheintaler, Start mit der Toggenburger Passion, 23.09.2016<\/a><\/p>\n<hr>\n<p><strong>Projekt Zero: Johannes-Passion 2015<\/strong><\/p>\n<p><a href=\"http:\/\/www.rheintalerbachchor.com\/wp-content\/uploads\/2016\/12\/Kultur.at-Der-chorische-Kraftakt-einer-ganzen-Region.pdf\" target=\"_blank\" rel=\"noopener noreferrer\">Kultur.at Der chorische Kraftakt einer ganzen Region<\/a><\/p>\n<p><a href=\"http:\/\/www.rheintalerbachchor.com\/wp-content\/uploads\/2016\/12\/Rheintaler-Bach-Chor-\u00abJohannes-Passion\u00bb-rheintaler.ch_.pdf\" target=\"_blank\" rel=\"noopener noreferrer\">Rheintaler Bach-Chor: \u00abJohannes-Passion\u00bb<\/a><\/p>\n<p><a href=\"http:\/\/www.rheintalerbachchor.com\/wp-content\/uploads\/2016\/12\/Rheintaler-Projektchor-singt-Bach-rheintaler.ch_.pdf\" target=\"_blank\" rel=\"noopener noreferrer\">Rheintaler Projektchor singt Bach<\/a><\/p>\n<p><a href=\"http:\/\/www.rheintalerbachchor.com\/wp-content\/uploads\/2016\/12\/Ergreifendes-Jubila\u0308umskonzert-rheintaler.ch_.pdf\" target=\"_blank\" rel=\"noopener noreferrer\">Ergreifendes Jubil\u00e4umskonzert<\/a><\/p>\n<p><a href=\"http:\/\/www.rheintalerbachchor.com\/wp-content\/uploads\/2016\/12\/Zeitungsberichte-Altach-Neue-und-VN.pdf\" target=\"_blank\" rel=\"noopener noreferrer\">Zeitungsberichte-Altach-Neue-und-VN<\/a><\/p>\n","protected":false},"excerpt":{"rendered":"<p>Rheintaler 12.05.2026, Bericht der 10. Hauptversammlung&nbsp; RBC Projekt VII &#8211; Matth\u00e4us-Passion von J.S.Bach Rheintaler, 03. M\u00e4rz 2026, Michael L\u00f6bl Rheintal24, 03. M\u00e4rz 2026 Arthur Oehler Kultur Online, 03. M\u00e4rz 2026, Martina Pfeifer Steiner Die Neue &#8211; Vol.at, 02. M\u00e4rz 2026 Thomas Thurnher Die Kronenzeitung, 02. M\u00e4rz 2026, Anna Mika VN Vorarlberger Nachrichten, 01. M\u00e4rz 2026, &hellip; <\/p>\n<p class=\"link-more\"><a href=\"https:\/\/www.rheintalerbachchor.com\/?page_id=121\" class=\"more-link\"><span class=\"screen-reader-text\">\u201ePresse\u201c<\/span> weiterlesen<\/a><\/p>\n","protected":false},"author":1,"featured_media":0,"parent":0,"menu_order":0,"comment_status":"closed","ping_status":"closed","template":"","meta":{"ngg_post_thumbnail":0,"footnotes":""},"class_list":["post-121","page","type-page","status-publish","hentry"],"_links":{"self":[{"href":"https:\/\/www.rheintalerbachchor.com\/index.php?rest_route=\/wp\/v2\/pages\/121","targetHints":{"allow":["GET"]}}],"collection":[{"href":"https:\/\/www.rheintalerbachchor.com\/index.php?rest_route=\/wp\/v2\/pages"}],"about":[{"href":"https:\/\/www.rheintalerbachchor.com\/index.php?rest_route=\/wp\/v2\/types\/page"}],"author":[{"embeddable":true,"href":"https:\/\/www.rheintalerbachchor.com\/index.php?rest_route=\/wp\/v2\/users\/1"}],"replies":[{"embeddable":true,"href":"https:\/\/www.rheintalerbachchor.com\/index.php?rest_route=%2Fwp%2Fv2%2Fcomments&post=121"}],"version-history":[{"count":54,"href":"https:\/\/www.rheintalerbachchor.com\/index.php?rest_route=\/wp\/v2\/pages\/121\/revisions"}],"predecessor-version":[{"id":4183,"href":"https:\/\/www.rheintalerbachchor.com\/index.php?rest_route=\/wp\/v2\/pages\/121\/revisions\/4183"}],"wp:attachment":[{"href":"https:\/\/www.rheintalerbachchor.com\/index.php?rest_route=%2Fwp%2Fv2%2Fmedia&parent=121"}],"curies":[{"name":"wp","href":"https:\/\/api.w.org\/{rel}","templated":true}]}}