{"id":128,"date":"2017-04-03T14:31:13","date_gmt":"2017-04-03T14:31:13","guid":{"rendered":"http:\/\/www.rheintalerbachchor.com\/?page_id=128"},"modified":"2026-04-21T22:48:31","modified_gmt":"2026-04-21T22:48:31","slug":"anmeldung","status":"publish","type":"page","link":"https:\/\/www.rheintalerbachchor.com\/?page_id=128","title":{"rendered":"Anmeldung mitsingen"},"content":{"rendered":"<p><span style=\"font-size: 14pt;\"><strong>Anmeldung Mitsingen &#8211; Projekt 2027 Dvorak&nbsp;<br \/>\n<\/strong><\/span>Sch\u00f6n, dich auf dieser Seite zu begr\u00fcssen!&nbsp;<br \/>\nWir proben im <a href=\"http:\/\/www.rheintalerbachchor.com\/wp-content\/uploads\/2025\/04\/OMR-am-Bach.jpg\">Schulhaus OMR Am Bach <\/a>in Heerbrugg, in Schulferienzeiten oder bei besonderen Anl\u00e4ssen auch in der <a href=\"http:\/\/www.rheintalerbachchor.com\/wp-content\/uploads\/2024\/10\/Anfahrt-Wiesental.pdf\" target=\"_blank\" rel=\"noopener\">Aula des Schulhauses Wiesental<\/a> in Altst\u00e4tten und im <a href=\"http:\/\/www.rheintalerbachchor.com\/wp-content\/uploads\/2024\/10\/Zufahrt-Kirche-Jung-Rhy-Altstaetten.pdf\" target=\"_blank\" rel=\"noopener\">Kulturraum Kirche Jung Rhy.<\/a><\/p>\n<p>F\u00fcr eine Anmeldung bitten wir um das Ausf\u00fcllen des untenstehenden Formulars.&nbsp; Der Projektbeitrag betr\u00e4gt CHF 100, er kann nach der definitiven Zusage gerne auf unser Konto \u00fcberwiesen werden oder im Verlaufe der ersten Proben unserem Kassier in bar \u00fcbergeben werden. F\u00fcr Vereinsmitglieder gilt mit der Bezahlung des Projektbeitrages der Jahresbeitrag des Vereins von CHF 20 als bezahlt. F\u00fcr Fragen stehen wir jederzeit gerne zur Verf\u00fcgung (Kontonummern f\u00fcr CHF und Euro und Kontaktadressen findest du <a href=\"http:\/\/www.rheintalerbachchor.com\/?page_id=26\" target=\"_blank\" rel=\"noopener noreferrer\">hier<\/a>).<\/p>\n<p><a href=\"http:\/\/www.rheintalerbachchor.com\/wp-content\/uploads\/2026\/04\/PROBENPLAN-DVORAK-STABAT-MATER-.pdf\" target=\"_blank\" rel=\"noopener\"><strong>Probenplan<\/strong><\/a><\/p>\n\n<div class=\"wpcf7 no-js\" id=\"wpcf7-f133-o1\" lang=\"de-DE\" dir=\"ltr\" data-wpcf7-id=\"133\">\n<div class=\"screen-reader-response\"><p role=\"status\" aria-live=\"polite\" aria-atomic=\"true\"><\/p> <ul><\/ul><\/div>\n<form action=\"\/index.php?rest_route=%2Fwp%2Fv2%2Fpages%2F128#wpcf7-f133-o1\" method=\"post\" class=\"wpcf7-form init\" aria-label=\"Kontaktformular\" novalidate=\"novalidate\" data-status=\"init\">\n<fieldset class=\"hidden-fields-container\"><input type=\"hidden\" name=\"_wpcf7\" value=\"133\" \/><input type=\"hidden\" name=\"_wpcf7_version\" value=\"6.1.3\" \/><input type=\"hidden\" name=\"_wpcf7_locale\" value=\"de_DE\" \/><input type=\"hidden\" name=\"_wpcf7_unit_tag\" value=\"wpcf7-f133-o1\" \/><input type=\"hidden\" name=\"_wpcf7_container_post\" value=\"0\" \/><input type=\"hidden\" name=\"_wpcf7_posted_data_hash\" value=\"\" \/><input type=\"hidden\" name=\"_wpcf7_recaptcha_response\" value=\"\" \/>\n<\/fieldset>\n<p><label> Name (Pflichtfeld)<br \/>\n<span class=\"wpcf7-form-control-wrap\" data-name=\"your-name\"><input size=\"40\" maxlength=\"400\" class=\"wpcf7-form-control wpcf7-text wpcf7-validates-as-required\" aria-required=\"true\" aria-invalid=\"false\" value=\"\" type=\"text\" name=\"your-name\" \/><\/span> <\/label>\n<\/p>\n<p><label> Strasse (Pflichtfeld)<br \/>\n<span class=\"wpcf7-form-control-wrap\" data-name=\"strasse\"><input size=\"40\" maxlength=\"400\" class=\"wpcf7-form-control wpcf7-text wpcf7-validates-as-required\" aria-required=\"true\" aria-invalid=\"false\" value=\"\" type=\"text\" name=\"strasse\" \/><\/span> <\/label>\n<\/p>\n<p><label> PLZ (Pflichtfeld)<br \/>\n<span class=\"wpcf7-form-control-wrap\" data-name=\"plz\"><input size=\"40\" maxlength=\"400\" class=\"wpcf7-form-control wpcf7-text wpcf7-validates-as-required\" aria-required=\"true\" aria-invalid=\"false\" value=\"\" type=\"text\" name=\"plz\" \/><\/span> <\/label>\n<\/p>\n<p><label> Ort (Pflichtfeld)<br \/>\n<span class=\"wpcf7-form-control-wrap\" data-name=\"ort\"><input size=\"40\" maxlength=\"400\" class=\"wpcf7-form-control wpcf7-text wpcf7-validates-as-required\" aria-required=\"true\" aria-invalid=\"false\" value=\"\" type=\"text\" name=\"ort\" \/><\/span> <\/label>\n<\/p>\n<p><label> Land (Pflichtfeld)<br \/>\n<span class=\"wpcf7-form-control-wrap\" data-name=\"land\"><input size=\"40\" maxlength=\"400\" class=\"wpcf7-form-control wpcf7-text wpcf7-validates-as-required\" aria-required=\"true\" aria-invalid=\"false\" value=\"\" type=\"text\" name=\"land\" \/><\/span> <\/label>\n<\/p>\n<p><label> Geburtsdatum (Pflichtfeld)<br \/>\n<span class=\"wpcf7-form-control-wrap\" data-name=\"geburtstag-feld\"><input size=\"40\" maxlength=\"400\" class=\"wpcf7-form-control wpcf7-text\" aria-invalid=\"false\" value=\"\" type=\"text\" name=\"geburtstag-feld\" \/><\/span><\/label>\n<\/p>\n<p><label>Natel-Handy Nr.<br \/>\n<span class=\"wpcf7-form-control-wrap\" data-name=\"Telefon\"><input size=\"40\" maxlength=\"400\" class=\"wpcf7-form-control wpcf7-tel wpcf7-text wpcf7-validates-as-tel\" aria-invalid=\"false\" value=\"\" type=\"tel\" name=\"Telefon\" \/><\/span><br \/>\n<\/label>\n<\/p>\n<p><label>Stimmlage<br \/>\n<span class=\"wpcf7-form-control-wrap\" data-name=\"Stimmlage\"><select class=\"wpcf7-form-control wpcf7-select wpcf7-validates-as-required\" aria-required=\"true\" aria-invalid=\"false\" name=\"Stimmlage\"><option value=\"Sopran\">Sopran<\/option><option value=\"Alt\">Alt<\/option><option value=\"Tenor\">Tenor<\/option><option value=\"Bass\">Bass<\/option><\/select><\/span><br \/>\n<\/label>\n<\/p>\n<p><label> E-Mail-Adresse (Pflichtfeld)<br \/>\n<span class=\"wpcf7-form-control-wrap\" data-name=\"your-email\"><input size=\"40\" maxlength=\"400\" class=\"wpcf7-form-control wpcf7-email wpcf7-validates-as-required wpcf7-text wpcf7-validates-as-email\" aria-required=\"true\" aria-invalid=\"false\" value=\"\" type=\"email\" name=\"your-email\" \/><\/span> <\/label>\n\n<\/p>\n<p><label> Aktuelle und fr\u00fchere Chorerfahrungen und Mitteilungen<br \/>\n<span class=\"wpcf7-form-control-wrap\" data-name=\"your-message\"><textarea cols=\"40\" rows=\"10\" maxlength=\"2000\" class=\"wpcf7-form-control wpcf7-textarea\" aria-invalid=\"false\" name=\"your-message\"><\/textarea><\/span> <\/label>\n<\/p>\n<p><input class=\"wpcf7-form-control wpcf7-submit has-spinner\" type=\"submit\" value=\"Senden\" \/>\n<\/p><p style=\"display: none !important;\" class=\"akismet-fields-container\" data-prefix=\"_wpcf7_ak_\"><label>&#916;<textarea name=\"_wpcf7_ak_hp_textarea\" cols=\"45\" rows=\"8\" maxlength=\"100\"><\/textarea><\/label><input type=\"hidden\" id=\"ak_js_1\" name=\"_wpcf7_ak_js\" value=\"114\"\/><script>document.getElementById( \"ak_js_1\" ).setAttribute( \"value\", ( new Date() ).getTime() );<\/script><\/p><div class=\"wpcf7-response-output\" aria-hidden=\"true\"><\/div>\n<\/form>\n<\/div>\n\n","protected":false},"excerpt":{"rendered":"<p>Anmeldung Mitsingen &#8211; Projekt 2027 Dvorak&nbsp; Sch\u00f6n, dich auf dieser Seite zu begr\u00fcssen!&nbsp; Wir proben im Schulhaus OMR Am Bach in Heerbrugg, in Schulferienzeiten oder bei besonderen Anl\u00e4ssen auch in der Aula des Schulhauses Wiesental in Altst\u00e4tten und im Kulturraum Kirche Jung Rhy. F\u00fcr eine Anmeldung bitten wir um das Ausf\u00fcllen des untenstehenden Formulars.&nbsp; Der &hellip; <\/p>\n<p class=\"link-more\"><a href=\"https:\/\/www.rheintalerbachchor.com\/?page_id=128\" class=\"more-link\"><span class=\"screen-reader-text\">\u201eAnmeldung mitsingen\u201c<\/span> weiterlesen<\/a><\/p>\n","protected":false},"author":1,"featured_media":0,"parent":0,"menu_order":0,"comment_status":"closed","ping_status":"closed","template":"","meta":{"ngg_post_thumbnail":0,"footnotes":""},"class_list":["post-128","page","type-page","status-publish","hentry"],"_links":{"self":[{"href":"https:\/\/www.rheintalerbachchor.com\/index.php?rest_route=\/wp\/v2\/pages\/128","targetHints":{"allow":["GET"]}}],"collection":[{"href":"https:\/\/www.rheintalerbachchor.com\/index.php?rest_route=\/wp\/v2\/pages"}],"about":[{"href":"https:\/\/www.rheintalerbachchor.com\/index.php?rest_route=\/wp\/v2\/types\/page"}],"author":[{"embeddable":true,"href":"https:\/\/www.rheintalerbachchor.com\/index.php?rest_route=\/wp\/v2\/users\/1"}],"replies":[{"embeddable":true,"href":"https:\/\/www.rheintalerbachchor.com\/index.php?rest_route=%2Fwp%2Fv2%2Fcomments&post=128"}],"version-history":[{"count":60,"href":"https:\/\/www.rheintalerbachchor.com\/index.php?rest_route=\/wp\/v2\/pages\/128\/revisions"}],"predecessor-version":[{"id":4109,"href":"https:\/\/www.rheintalerbachchor.com\/index.php?rest_route=\/wp\/v2\/pages\/128\/revisions\/4109"}],"wp:attachment":[{"href":"https:\/\/www.rheintalerbachchor.com\/index.php?rest_route=%2Fwp%2Fv2%2Fmedia&parent=128"}],"curies":[{"name":"wp","href":"https:\/\/api.w.org\/{rel}","templated":true}]}}