{"id":26,"date":"2016-12-09T17:57:44","date_gmt":"2016-12-09T17:57:44","guid":{"rendered":"http:\/\/www.rheintalerbachchor.com\/?page_id=26"},"modified":"2024-09-24T21:19:09","modified_gmt":"2024-09-24T21:19:09","slug":"kontakt","status":"publish","type":"page","link":"https:\/\/www.rheintalerbachchor.com\/?page_id=26","title":{"rendered":"Kontakt"},"content":{"rendered":"<p>&nbsp;<\/p>\n<table style=\"width: 729px;\">\n<tbody>\n<tr style=\"height: 53px;\">\n<td style=\"width: 355.59px; height: 53px;\"><strong>Alexander Seidel<\/strong><br \/>\n<a href=\"mailto:alexanderseidel@gmx.net\" target=\"_blank\" rel=\"noopener noreferrer\">alexanderseidel@gmx.net<\/a><br \/>\n<a href=\"http:\/\/www.alexanderseidel.net\">www.alexanderseidel.net<\/a><br \/>\nmobil <span style=\"font-size: 10pt;\">0041 76 455 45 74<\/span><\/td>\n<td style=\"width: 357.61px; height: 53px;\">Chorleiter<\/td>\n<\/tr>\n<tr style=\"height: 53px;\">\n<td style=\"width: 355.59px; height: 53px;\"><strong>Esther Beyeler Mattle<br \/>\n<\/strong>Winkelstrasse 32, CH-9445 Rebstein<br \/>\n<a href=\"mailto:beyeler.esther@bluewin.ch\" target=\"_blank\" rel=\"noopener noreferrer\">beyeler.esther@bluewin.ch<\/a><br \/>\nmobil <span style=\"color: #000000; font-size: 10pt;\">0041 79 705 62 71<\/span><\/td>\n<td style=\"width: 357.61px; height: 53px;\">Pr\u00e4sidentin<\/td>\n<\/tr>\n<tr style=\"height: 53px;\">\n<td style=\"width: 355.59px; height: 53px;\"><span style=\"font-size: 12pt;\"><strong><span style=\"color: #000000;\">Karl Berger<br \/>\n<\/span><\/strong><span style=\"color: #000000;\">Im Moos 17, CH-9450 L\u00fcchingen<\/span><strong><span style=\"color: #000000;\"><br \/>\n<\/span><\/strong><a href=\"mailto:bergeroehler@bluewin.ch\"><span style=\"color: #000000;\">bergeroehler@bluewin.ch<\/span><\/a><\/span><\/td>\n<td style=\"width: 357.61px; height: 53px; vertical-align: middle;\">Aktuar<br \/>\n<strong><br \/>\n<\/strong><\/td>\n<\/tr>\n<\/tbody>\n<\/table>\n<p><span style=\"font-size: 12pt;\"><strong> Bankverbindungen<\/strong><\/span><br \/>\n<span style=\"color: #000080;\">Schweiz (CHF):<\/span><br \/>\nBank Biene im Rheintal Genossenschaft, 9450 Altst\u00e4tten<br \/>\nIBAN CH60 0698 0605 1385 1750 8, lautend auf<br \/>\nRheintaler Bach-Chor, 9450 Altst\u00e4tten<\/p>\n<p><span style=\"color: #000080;\">Deutschland \/ \u00d6sterreich \/ EU&nbsp; (Euro)<\/span><br \/>\nBank: Clientis Biene Bank im Rheintal Genossenschaft<br \/>\nIBAN: CH50 0698 0605 1385 1749 4<br \/>\nBIC\/SWIFT: RBABCH22980 \/ Clearing-Nr. 6980<br \/>\nlautend auf: Rheintaler Bach-Chor, 9450 Altst\u00e4tten<\/p>\n<p>&nbsp;<\/p>\n<p>&nbsp;<\/p>\n","protected":false},"excerpt":{"rendered":"<p>&nbsp; Alexander Seidel alexanderseidel@gmx.net www.alexanderseidel.net mobil 0041 76 455 45 74 Chorleiter Esther Beyeler Mattle Winkelstrasse 32, CH-9445 Rebstein beyeler.esther@bluewin.ch mobil 0041 79 705 62 71 Pr\u00e4sidentin Karl Berger Im Moos 17, CH-9450 L\u00fcchingen bergeroehler@bluewin.ch Aktuar Bankverbindungen Schweiz (CHF): Bank Biene im Rheintal Genossenschaft, 9450 Altst\u00e4tten IBAN CH60 0698 0605 1385 1750 8, lautend auf &hellip; <\/p>\n<p class=\"link-more\"><a href=\"https:\/\/www.rheintalerbachchor.com\/?page_id=26\" class=\"more-link\"><span class=\"screen-reader-text\">\u201eKontakt\u201c<\/span> weiterlesen<\/a><\/p>\n","protected":false},"author":1,"featured_media":0,"parent":0,"menu_order":0,"comment_status":"closed","ping_status":"closed","template":"","meta":{"ngg_post_thumbnail":0,"footnotes":""},"class_list":["post-26","page","type-page","status-publish","hentry"],"_links":{"self":[{"href":"https:\/\/www.rheintalerbachchor.com\/index.php?rest_route=\/wp\/v2\/pages\/26","targetHints":{"allow":["GET"]}}],"collection":[{"href":"https:\/\/www.rheintalerbachchor.com\/index.php?rest_route=\/wp\/v2\/pages"}],"about":[{"href":"https:\/\/www.rheintalerbachchor.com\/index.php?rest_route=\/wp\/v2\/types\/page"}],"author":[{"embeddable":true,"href":"https:\/\/www.rheintalerbachchor.com\/index.php?rest_route=\/wp\/v2\/users\/1"}],"replies":[{"embeddable":true,"href":"https:\/\/www.rheintalerbachchor.com\/index.php?rest_route=%2Fwp%2Fv2%2Fcomments&post=26"}],"version-history":[{"count":26,"href":"https:\/\/www.rheintalerbachchor.com\/index.php?rest_route=\/wp\/v2\/pages\/26\/revisions"}],"predecessor-version":[{"id":3588,"href":"https:\/\/www.rheintalerbachchor.com\/index.php?rest_route=\/wp\/v2\/pages\/26\/revisions\/3588"}],"wp:attachment":[{"href":"https:\/\/www.rheintalerbachchor.com\/index.php?rest_route=%2Fwp%2Fv2%2Fmedia&parent=26"}],"curies":[{"name":"wp","href":"https:\/\/api.w.org\/{rel}","templated":true}]}}