{"id":95,"date":"2016-12-16T09:57:47","date_gmt":"2016-12-16T09:57:47","guid":{"rendered":"http:\/\/www.rheintalerbachchor.com\/?page_id=95"},"modified":"2026-03-15T21:42:46","modified_gmt":"2026-03-15T21:42:46","slug":"bilder-impressionen","status":"publish","type":"page","link":"https:\/\/www.rheintalerbachchor.com\/?page_id=95","title":{"rendered":"Bilder-Impressionen"},"content":{"rendered":"<p><span style=\"font-size: 14pt;\"><strong>Projekt 2026 &#8211; Matth\u00e4us-Passion von J. S. Bach<\/strong><\/span><\/p>\n<p><a href=\"http:\/\/www.rheintalerbachchor.com\/wp-content\/uploads\/2026\/03\/Kulturbuehne-AMBACH-28.02.2026.pdf\" target=\"_blank\" rel=\"noopener\"><img loading=\"lazy\" decoding=\"async\" class=\"alignnone wp-image-4024\" src=\"http:\/\/www.rheintalerbachchor.com\/wp-content\/uploads\/2026\/03\/AMBACH-300x162.jpg\" alt=\"\" width=\"200\" height=\"108\" srcset=\"https:\/\/www.rheintalerbachchor.com\/wp-content\/uploads\/2026\/03\/AMBACH-300x162.jpg 300w, https:\/\/www.rheintalerbachchor.com\/wp-content\/uploads\/2026\/03\/AMBACH-768x414.jpg 768w, https:\/\/www.rheintalerbachchor.com\/wp-content\/uploads\/2026\/03\/AMBACH.jpg 932w\" sizes=\"auto, (max-width: 200px) 100vw, 200px\" \/><\/a> &nbsp; &nbsp; &nbsp; &nbsp; &nbsp; &nbsp; &nbsp; &nbsp; &nbsp; &nbsp; &nbsp; &nbsp;<a href=\"http:\/\/www.rheintalerbachchor.com\/wp-content\/uploads\/2026\/03\/Katholische-Kirche-Altstaetten-01.03.2026_compressed.pdf\" target=\"_blank\" rel=\"noopener\"><img loading=\"lazy\" decoding=\"async\" class=\"alignnone wp-image-4025\" src=\"http:\/\/www.rheintalerbachchor.com\/wp-content\/uploads\/2026\/03\/Kath.-Kirche-St.-Nikolaus.jpg\" alt=\"\" width=\"147\" height=\"110\" srcset=\"https:\/\/www.rheintalerbachchor.com\/wp-content\/uploads\/2026\/03\/Kath.-Kirche-St.-Nikolaus.jpg 700w, https:\/\/www.rheintalerbachchor.com\/wp-content\/uploads\/2026\/03\/Kath.-Kirche-St.-Nikolaus-300x225.jpg 300w\" sizes=\"auto, (max-width: 147px) 100vw, 147px\" \/><\/a><\/p>\n<p>Konzert 1 in der Kulturb\u00fchne AMBACH G\u00f6tzis, Konzert 2 in der katholischen Kirche Altst\u00e4tten SG<\/p>\n<p><span style=\"font-size: 14pt;\"><strong>Projekt 2024 &#8211; Josef Gabriel Rheinberger, 2 Konzerte<\/strong><\/span><\/p>\n<p>&nbsp;<a href=\"http:\/\/www.rheintalerbachchor.com\/wp-content\/uploads\/2024\/09\/Konzert-St.-Gallen-Josef-Gabriel-Rheinberger.pdf\" target=\"_blank\" rel=\"noopener\"><img loading=\"lazy\" decoding=\"async\" class=\"alignnone wp-image-3529 size-thumbnail\" src=\"http:\/\/www.rheintalerbachchor.com\/wp-content\/uploads\/2024\/09\/DSCN3246-150x150.jpg\" alt=\"\" width=\"150\" height=\"150\" srcset=\"https:\/\/www.rheintalerbachchor.com\/wp-content\/uploads\/2024\/09\/DSCN3246-150x150.jpg 150w, https:\/\/www.rheintalerbachchor.com\/wp-content\/uploads\/2024\/09\/DSCN3246-100x100.jpg 100w\" sizes=\"auto, (max-width: 150px) 100vw, 150px\" \/>&nbsp; &nbsp; &nbsp; &nbsp; &nbsp; &nbsp; &nbsp; <\/a><a href=\"http:\/\/www.rheintalerbachchor.com\/wp-content\/uploads\/2024\/09\/PPP-Konzert-Eschen-1.pdf\" target=\"_blank\" rel=\"noopener\"><img loading=\"lazy\" decoding=\"async\" class=\"alignnone\" src=\"http:\/\/www.rheintalerbachchor.com\/wp-content\/uploads\/2024\/09\/IMG_20240922_170313-kop-150x150.jpg\" alt=\"\" width=\"150\" height=\"150\"><\/a><br \/>\n<strong><span style=\"font-size: 10pt;\">Konzert Kathedrale St. Gallen&nbsp; &nbsp; Konzert St. Martin, Eschen FL&nbsp;&nbsp;<\/span><\/strong><\/p>\n<p><a href=\"http:\/\/www.rheintalerbachchor.com\/wp-content\/uploads\/2024\/09\/PPP-Konzert-Eschen-Bilder-Paul-Trummer.pdf\" target=\"_blank\" rel=\"noopener\"><img loading=\"lazy\" decoding=\"async\" class=\"alignnone wp-image-3599 size-thumbnail\" src=\"http:\/\/www.rheintalerbachchor.com\/wp-content\/uploads\/2024\/09\/Screenshot-2024-09-25-135306-1-150x150.jpg\" alt=\"\" width=\"150\" height=\"150\" srcset=\"https:\/\/www.rheintalerbachchor.com\/wp-content\/uploads\/2024\/09\/Screenshot-2024-09-25-135306-1-150x150.jpg 150w, https:\/\/www.rheintalerbachchor.com\/wp-content\/uploads\/2024\/09\/Screenshot-2024-09-25-135306-1-100x100.jpg 100w\" sizes=\"auto, (max-width: 150px) 100vw, 150px\" \/><\/a><\/p>\n<p><span style=\"font-size: 14pt;\"><strong>Projekt 2023 &#8211; Bach- Orgelmesse, 3 Konzerte<\/strong><\/span><\/p>\n<p><a href=\"http:\/\/www.rheintalerbachchor.com\/wp-content\/uploads\/2023\/10\/Konzert-Feldkirch-1.pdf\" target=\"_blank\" rel=\"noopener\"><img loading=\"lazy\" decoding=\"async\" class=\"alignnone wp-image-2801 size-thumbnail\" src=\"http:\/\/www.rheintalerbachchor.com\/wp-content\/uploads\/2023\/10\/DSC_0747-150x150.jpg\" alt=\"\" width=\"150\" height=\"150\">&nbsp; <\/a>&nbsp;&nbsp;<br \/>\n<strong><span style=\"font-size: 10pt;\">Fotos Konzert Feldkirch&nbsp;<\/span><\/strong><\/p>\n<p><strong><span style=\"font-size: 10pt;\"><a style=\"color: #000000;\" href=\"http:\/\/www.rheintalerbachchor.com\/wp-content\/uploads\/2023\/10\/Konzert-Wien-Tag-1.pdf\" target=\"_blank\" rel=\"noopener\"><img loading=\"lazy\" decoding=\"async\" class=\"alignnone wp-image-2864 size-thumbnail\" src=\"http:\/\/www.rheintalerbachchor.com\/wp-content\/uploads\/2023\/10\/DSC_0799-150x150.jpg\" alt=\"\" width=\"150\" height=\"150\"> &nbsp;&nbsp;&nbsp;<\/a><\/span><\/strong><a style=\"font-size: 1rem; color: #000000;\" href=\"http:\/\/www.rheintalerbachchor.com\/wp-content\/uploads\/2023\/10\/Konzert-Wien-Tag-2.pdf\" target=\"_blank\" rel=\"noopener\"><img loading=\"lazy\" decoding=\"async\" class=\"alignnone wp-image-2996 size-thumbnail\" src=\"http:\/\/www.rheintalerbachchor.com\/wp-content\/uploads\/2023\/10\/DSC_0965-1-150x150.jpg\" alt=\"\" width=\"150\" height=\"150\" srcset=\"https:\/\/www.rheintalerbachchor.com\/wp-content\/uploads\/2023\/10\/DSC_0965-1-150x150.jpg 150w, https:\/\/www.rheintalerbachchor.com\/wp-content\/uploads\/2023\/10\/DSC_0965-1-100x100.jpg 100w\" sizes=\"auto, (max-width: 150px) 100vw, 150px\" \/> &nbsp; <\/a><a style=\"font-size: 1rem; color: #000000;\" href=\"http:\/\/www.rheintalerbachchor.com\/wp-content\/uploads\/2023\/10\/Konzert-Wien-Tag-3.pdf\" target=\"_blank\" rel=\"noopener\"><img loading=\"lazy\" decoding=\"async\" class=\"alignnone wp-image-2997 size-thumbnail\" src=\"http:\/\/www.rheintalerbachchor.com\/wp-content\/uploads\/2023\/10\/DSC_108-150x150.jpg\" alt=\"\" width=\"150\" height=\"150\" srcset=\"https:\/\/www.rheintalerbachchor.com\/wp-content\/uploads\/2023\/10\/DSC_108-150x150.jpg 150w, https:\/\/www.rheintalerbachchor.com\/wp-content\/uploads\/2023\/10\/DSC_108-100x100.jpg 100w\" sizes=\"auto, (max-width: 150px) 100vw, 150px\" \/><\/a><br \/>\n<strong><span style=\"font-size: 10pt;\">Fotos Wien Tag 1&nbsp; &nbsp; &nbsp; &nbsp; &nbsp; &nbsp; &nbsp; &nbsp; &nbsp; &nbsp; &nbsp; &nbsp;Fotos Wien Tag 2&nbsp; &nbsp; &nbsp; &nbsp; &nbsp; &nbsp; &nbsp; &nbsp; &nbsp; Fotos Wien Tag 3&nbsp; <\/span><\/strong><\/p>\n<p><a href=\"http:\/\/www.rheintalerbachchor.com\/wp-content\/uploads\/2023\/10\/Konzert-Heiden.pdf\" target=\"_blank\" rel=\"noopener\"><img loading=\"lazy\" decoding=\"async\" class=\"alignnone wp-image-3000 size-thumbnail\" src=\"http:\/\/www.rheintalerbachchor.com\/wp-content\/uploads\/2023\/10\/DSC_0022-150x150.jpg\" alt=\"\" width=\"150\" height=\"150\" srcset=\"https:\/\/www.rheintalerbachchor.com\/wp-content\/uploads\/2023\/10\/DSC_0022-150x150.jpg 150w, https:\/\/www.rheintalerbachchor.com\/wp-content\/uploads\/2023\/10\/DSC_0022-100x100.jpg 100w\" sizes=\"auto, (max-width: 150px) 100vw, 150px\" \/><\/a><br \/>\n<strong><span style=\"font-size: 10pt;\">Fotos Konzert Heiden<\/span><\/strong><\/p>\n<hr>\n<p><strong><span style=\"font-size: 14pt;\">Projekt 2022&nbsp; H\u00e4ndelkonzerte in Schaan und Altst\u00e4tten<\/span><\/strong><\/p>\n<p><a href=\"http:\/\/www.rheintalerbachchor.com\/wp-content\/uploads\/2023\/10\/2022-09-17-Haendelkonzert-Schaan.pdf\" target=\"_blank\" rel=\"noopener\"><img loading=\"lazy\" decoding=\"async\" class=\"alignnone wp-image-3013 size-thumbnail\" src=\"http:\/\/www.rheintalerbachchor.com\/wp-content\/uploads\/2023\/10\/Vouet_Simon_-_Saint_Cecilia_-_c._1626-150x150.jpg\" alt=\"\" width=\"150\" height=\"150\" srcset=\"https:\/\/www.rheintalerbachchor.com\/wp-content\/uploads\/2023\/10\/Vouet_Simon_-_Saint_Cecilia_-_c._1626-150x150.jpg 150w, https:\/\/www.rheintalerbachchor.com\/wp-content\/uploads\/2023\/10\/Vouet_Simon_-_Saint_Cecilia_-_c._1626-100x100.jpg 100w\" sizes=\"auto, (max-width: 150px) 100vw, 150px\" \/>&nbsp; &nbsp; &nbsp; &nbsp;<\/a><a href=\"http:\/\/www.rheintalerbachchor.com\/wp-content\/uploads\/2023\/10\/2022-09-18-Haendelkonzert-Altstaetten.pdf\" target=\"_blank\" rel=\"noopener\"><img loading=\"lazy\" decoding=\"async\" class=\"alignnone wp-image-3013 size-thumbnail\" src=\"http:\/\/www.rheintalerbachchor.com\/wp-content\/uploads\/2023\/10\/Vouet_Simon_-_Saint_Cecilia_-_c._1626-150x150.jpg\" alt=\"\" width=\"150\" height=\"150\" srcset=\"https:\/\/www.rheintalerbachchor.com\/wp-content\/uploads\/2023\/10\/Vouet_Simon_-_Saint_Cecilia_-_c._1626-150x150.jpg 150w, https:\/\/www.rheintalerbachchor.com\/wp-content\/uploads\/2023\/10\/Vouet_Simon_-_Saint_Cecilia_-_c._1626-100x100.jpg 100w\" sizes=\"auto, (max-width: 150px) 100vw, 150px\" \/><\/a><br \/>\n<strong><span style=\"font-size: 10pt;\">Fotos Konzert in Schaan&nbsp; &nbsp; &nbsp; &nbsp;Fotos Konzert in Altst\u00e4tten<\/span><\/strong><\/p>\n<hr>\n<p><span style=\"font-size: 14pt;\"><strong>Projekt 2019 Geistliches Konzert mit offenem Singen<\/strong><\/span><\/p>\n<p><a href=\"http:\/\/www.rheintalerbachchor.com\/wp-content\/uploads\/2023\/10\/2019-12-08-Geistliches-Konzert-mit-offenem-Singen.pdf\" target=\"_blank\" rel=\"noopener\"><img loading=\"lazy\" decoding=\"async\" class=\"alignnone wp-image-3019 size-thumbnail\" src=\"http:\/\/www.rheintalerbachchor.com\/wp-content\/uploads\/2023\/10\/Screenshot-2023-10-11-002157-150x150.png\" alt=\"\" width=\"150\" height=\"150\" srcset=\"https:\/\/www.rheintalerbachchor.com\/wp-content\/uploads\/2023\/10\/Screenshot-2023-10-11-002157-150x150.png 150w, https:\/\/www.rheintalerbachchor.com\/wp-content\/uploads\/2023\/10\/Screenshot-2023-10-11-002157-100x100.png 100w\" sizes=\"auto, (max-width: 150px) 100vw, 150px\" \/><\/a><br \/>\n<strong><span style=\"font-size: 10pt;\">Fotos, Rebstein 5nach5<\/span><\/strong><\/p>\n<hr>\n<p><strong><span style=\"font-size: 14pt;\">Projekt 2018 Peter Roth, Toggenburger Passion<\/span><\/strong><\/p>\n<p><a href=\"http:\/\/www.rheintalerbachchor.com\/wp-content\/uploads\/2023\/10\/2018-03-23-Toggenburger-Passion-Heiden.pdf\" target=\"_blank\" rel=\"noopener\"><img loading=\"lazy\" decoding=\"async\" class=\"alignnone wp-image-222 size-thumbnail\" src=\"http:\/\/www.rheintalerbachchor.com\/wp-content\/uploads\/2017\/04\/Scan0003-2-150x150.jpg\" alt=\"\" width=\"150\" height=\"150\" srcset=\"https:\/\/www.rheintalerbachchor.com\/wp-content\/uploads\/2017\/04\/Scan0003-2-150x150.jpg 150w, https:\/\/www.rheintalerbachchor.com\/wp-content\/uploads\/2017\/04\/Scan0003-2-100x100.jpg 100w\" sizes=\"auto, (max-width: 150px) 100vw, 150px\" \/>&nbsp; &nbsp; <\/a><a href=\"http:\/\/www.rheintalerbachchor.com\/wp-content\/uploads\/2023\/10\/2018-03-25-Toggenburger-Passion-Altstaetten.pdf\" target=\"_blank\" rel=\"noopener\"><img loading=\"lazy\" decoding=\"async\" class=\"alignnone wp-image-219 size-thumbnail\" src=\"http:\/\/www.rheintalerbachchor.com\/wp-content\/uploads\/2017\/04\/Scan0005-2-150x150.jpg\" alt=\"\" width=\"150\" height=\"150\" srcset=\"https:\/\/www.rheintalerbachchor.com\/wp-content\/uploads\/2017\/04\/Scan0005-2-150x150.jpg 150w, https:\/\/www.rheintalerbachchor.com\/wp-content\/uploads\/2017\/04\/Scan0005-2-100x100.jpg 100w\" sizes=\"auto, (max-width: 150px) 100vw, 150px\" \/><\/a>&nbsp; &nbsp; <a href=\"http:\/\/www.rheintalerbachchor.com\/wp-content\/uploads\/2023\/10\/2018-03-30-Konzert-Lindau-Fotos-Ulrich-Stock.pdf\" target=\"_blank\" rel=\"noopener\"><img loading=\"lazy\" decoding=\"async\" class=\"alignnone wp-image-221 size-thumbnail\" src=\"http:\/\/www.rheintalerbachchor.com\/wp-content\/uploads\/2017\/04\/Scan0001-2-150x150.jpg\" alt=\"\" width=\"150\" height=\"150\" srcset=\"https:\/\/www.rheintalerbachchor.com\/wp-content\/uploads\/2017\/04\/Scan0001-2-150x150.jpg 150w, https:\/\/www.rheintalerbachchor.com\/wp-content\/uploads\/2017\/04\/Scan0001-2-100x100.jpg 100w\" sizes=\"auto, (max-width: 150px) 100vw, 150px\" \/>&nbsp;&nbsp;&nbsp;<\/a><br \/>\n<strong><span style=\"font-size: 10pt;\">Konzert Heiden&nbsp; &nbsp; &nbsp; &nbsp; &nbsp; &nbsp; &nbsp; &nbsp; &nbsp; &nbsp; &nbsp; &nbsp; &nbsp;Konzert Altst\u00e4tten&nbsp; &nbsp; &nbsp; &nbsp; &nbsp; &nbsp; &nbsp; &nbsp; Konzert Lindau (D)<\/span><\/strong><\/p>\n<hr>\n<p><strong><span style=\"font-size: 14pt;\">Projekt 2015 Johannes-Passion, Altach und Altst\u00e4tten<br \/>\n<\/span><\/strong><span style=\"font-size: 12pt;\">Das Jubil\u00e4umskonzert des Frauenchor Altst\u00e4tten ist die<br \/>\nGeburtsstunde des Rheintaler Bach-Chores<\/span><\/p>\n<p><a href=\"http:\/\/www.rheintalerbachchor.com\/wp-content\/uploads\/2023\/10\/2015-Johannes-Passion-Jubilaeumsprojekt-Frauenchor.pdf\" target=\"_blank\" rel=\"noopener\"><img loading=\"lazy\" decoding=\"async\" class=\"alignnone wp-image-302 size-thumbnail\" src=\"http:\/\/www.rheintalerbachchor.com\/wp-content\/uploads\/2017\/06\/IMG_1140-150x150.jpg\" alt=\"\" width=\"150\" height=\"150\" srcset=\"https:\/\/www.rheintalerbachchor.com\/wp-content\/uploads\/2017\/06\/IMG_1140-150x150.jpg 150w, https:\/\/www.rheintalerbachchor.com\/wp-content\/uploads\/2017\/06\/IMG_1140-100x100.jpg 100w\" sizes=\"auto, (max-width: 150px) 100vw, 150px\" \/><\/a><br \/>\n<span style=\"font-size: 10pt;\"><strong>Fotos Vorbereitung, Konzert Altach, Konzert Altst\u00e4tten<\/strong><\/span><\/p>\n<p>&nbsp;<\/p>\n<p>&nbsp;<\/p>\n<p>&nbsp;<\/p>\n<p>&nbsp;<\/p>\n<p>&nbsp;<\/p>\n<p>&nbsp;<\/p>\n","protected":false},"excerpt":{"rendered":"<p>Projekt 2026 &#8211; Matth\u00e4us-Passion von J. S. Bach &nbsp; &nbsp; &nbsp; &nbsp; &nbsp; &nbsp; &nbsp; &nbsp; &nbsp; &nbsp; &nbsp; &nbsp; Konzert 1 in der Kulturb\u00fchne AMBACH G\u00f6tzis, Konzert 2 in der katholischen Kirche Altst\u00e4tten SG Projekt 2024 &#8211; Josef Gabriel Rheinberger, 2 Konzerte &nbsp;&nbsp; &nbsp; &nbsp; &nbsp; &nbsp; &nbsp; &nbsp; Konzert Kathedrale St. Gallen&nbsp; &nbsp; &hellip; <\/p>\n<p class=\"link-more\"><a href=\"https:\/\/www.rheintalerbachchor.com\/?page_id=95\" class=\"more-link\"><span class=\"screen-reader-text\">\u201eBilder-Impressionen\u201c<\/span> weiterlesen<\/a><\/p>\n","protected":false},"author":1,"featured_media":0,"parent":0,"menu_order":0,"comment_status":"closed","ping_status":"closed","template":"","meta":{"ngg_post_thumbnail":0,"footnotes":""},"class_list":["post-95","page","type-page","status-publish","hentry"],"_links":{"self":[{"href":"https:\/\/www.rheintalerbachchor.com\/index.php?rest_route=\/wp\/v2\/pages\/95","targetHints":{"allow":["GET"]}}],"collection":[{"href":"https:\/\/www.rheintalerbachchor.com\/index.php?rest_route=\/wp\/v2\/pages"}],"about":[{"href":"https:\/\/www.rheintalerbachchor.com\/index.php?rest_route=\/wp\/v2\/types\/page"}],"author":[{"embeddable":true,"href":"https:\/\/www.rheintalerbachchor.com\/index.php?rest_route=\/wp\/v2\/users\/1"}],"replies":[{"embeddable":true,"href":"https:\/\/www.rheintalerbachchor.com\/index.php?rest_route=%2Fwp%2Fv2%2Fcomments&post=95"}],"version-history":[{"count":111,"href":"https:\/\/www.rheintalerbachchor.com\/index.php?rest_route=\/wp\/v2\/pages\/95\/revisions"}],"predecessor-version":[{"id":4035,"href":"https:\/\/www.rheintalerbachchor.com\/index.php?rest_route=\/wp\/v2\/pages\/95\/revisions\/4035"}],"wp:attachment":[{"href":"https:\/\/www.rheintalerbachchor.com\/index.php?rest_route=%2Fwp%2Fv2%2Fmedia&parent=95"}],"curies":[{"name":"wp","href":"https:\/\/api.w.org\/{rel}","templated":true}]}}